{"id":7529,"date":"2026-01-26T08:52:54","date_gmt":"2026-01-26T06:52:54","guid":{"rendered":"https:\/\/signaturebmx.com\/?post_type=product&#038;p=7529"},"modified":"2026-03-24T08:27:22","modified_gmt":"2026-03-24T06:27:22","slug":"tsg-dawn-solid-color-black","status":"publish","type":"product","link":"https:\/\/signaturebmx.com\/en\/tuote\/tsg-dawn-solid-color-black\/","title":{"rendered":"TSG Dawn Solid Color Black"},"content":{"rendered":"<p><strong>HUOM! T\u00e4ss\u00e4 mallissa korval\u00e4ppien pehmusteet ei pysy kiinni. Jos ne kokee tarpeellisiksi, muoviliima tai 2-puoleinen teippi voi auttaa.<\/strong><\/p>\n<div class=\"dom-flex flex-1\">\n<div class=\"\"><strong>S\/M 54-56 cm<\/strong><\/div>\n<\/div>\n<div class=\"dom-flex flex-1\">\n<div class=\"\"><strong>L\/XL 57-59 cm<\/strong><\/div>\n<\/div>\n<p>Inspired by the design of old-school helmets from skateboarding&#8217;s halcyon days, the Dawn features a classic full-cut design. The hardshell comes in a single mould, with low cut earflaps, which suggest that distinctive retro look. Built from our tried- and- tested hardshell construction, with sturdy PP and shock-absorbing EPS foam padding, the Dawn helmet is the first of its kind meeting all required safety standards.<\/p>\n<p>Hardshell helmets are constructed from ABS or PP plastic. This outer shell gets bonded to the EPS core for a two-piece construction that provides high durability and ultimate high-impact protection.<\/p>\n<p>Our Tuned Fit System allows a rider to dial in their fit using different thickness pads on the interior of the helmet. Our helmets always come with two sizes of pads. Each size comes in a different color which makes it easy to determine the right pads to fit the helmet to the head. It is very important to adjust the helmet with these included pads. For example, if necessary, the slightly thicker pads can be mounted on the back of the head and the pad for the front of the head can be thinner, or vice versa.<\/p>\n<p>A helmet can only protect what it covers. Our Low Fit design sits low and fully protects the entire back and sides of your head without impairing field of vision or restricting movement.<\/p>\n<p>The Hardshell Ear Coverage brings full protection down to the ears. Your choice when doing faster skiing and freeriding. Or when you like the classic ear protection styling from the early 80ies.<\/p>\n<p>Certification: NF EN 1078+A1:02 2013, CPSC, ASTM1492, UKCA<br \/>\nWeight: 460 g<br \/>\nMaterial: PP (Propene Polymer), EPS, Polyester, Nylon<br \/>\nArticle No.: 79001-35-102<\/p>\n","protected":false},"excerpt":{"rendered":"<p>HUOM! T\u00e4ss\u00e4 mallissa korval\u00e4ppien pehmusteet ei pysy kiinni. Jos ne kokee tarpeellisiksi, muoviliima tai 2-puoleinen teippi voi auttaa.<\/p>\n<div class=\"dom-flex flex-1\">\n<div class=\"\">S\/M 54-56 cm<\/div>\n<\/div>\n<div class=\"dom-flex flex-1\">\n<div class=\"\">L\/XL 57-59 cm<\/div>\n<\/div>\n","protected":false},"featured_media":7473,"template":"","meta":[],"product_brand":[491],"product_cat":[103],"product_tag":[483],"class_list":{"0":"post-7529","1":"product","2":"type-product","3":"status-publish","4":"has-post-thumbnail","6":"product_brand-tsg","7":"product_cat-kyparat","8":"product_tag-tsg","9":"pa_koko-l-xl","10":"pa_koko-s-m","11":"pa_tuotemerkki-tsg","13":"first","14":"instock","15":"taxable","16":"shipping-taxable","17":"purchasable","18":"product-type-variable"},"yoast_head":"<!-- This site is optimized with the Yoast SEO plugin v27.5 - https:\/\/yoast.com\/product\/yoast-seo-wordpress\/ -->\n<title>TSG Dawn Solid Color Black | Signature Bmx | Bmx-kauppa<\/title>\n<meta name=\"description\" content=\"Laadukkaat bmx-py\u00f6r\u00e4t, osat ja tarvikkeet nopealla toimituksella suomalaisesta bmx-kaupasta.\" \/>\n<meta name=\"robots\" content=\"index, follow, max-snippet:-1, max-image-preview:large, max-video-preview:-1\" \/>\n<link rel=\"canonical\" href=\"https:\/\/signaturebmx.com\/en\/tuote\/tsg-dawn-solid-color-black\/\" \/>\n<meta property=\"og:locale\" content=\"en_US\" \/>\n<meta property=\"og:type\" content=\"article\" \/>\n<meta property=\"og:title\" content=\"TSG Dawn Solid Color Black | Signature Bmx | Bmx-kauppa\" \/>\n<meta property=\"og:description\" content=\"Laadukkaat bmx-py\u00f6r\u00e4t, osat ja tarvikkeet nopealla toimituksella suomalaisesta bmx-kaupasta.\" \/>\n<meta property=\"og:url\" content=\"https:\/\/signaturebmx.com\/en\/tuote\/tsg-dawn-solid-color-black\/\" \/>\n<meta property=\"og:site_name\" content=\"Signature Bmx\" \/>\n<meta property=\"article:publisher\" content=\"https:\/\/www.facebook.com\/SignatureBMX\" \/>\n<meta property=\"article:modified_time\" content=\"2026-03-24T06:27:22+00:00\" \/>\n<meta property=\"og:image\" content=\"https:\/\/signaturebmx.com\/wp-content\/uploads\/2026\/01\/tsg_dawn_solid_blk.jpg\" \/>\n\t<meta property=\"og:image:width\" content=\"1000\" \/>\n\t<meta property=\"og:image:height\" content=\"1000\" \/>\n\t<meta property=\"og:image:type\" content=\"image\/jpeg\" \/>\n<meta name=\"twitter:card\" content=\"summary_large_image\" \/>\n<meta name=\"twitter:label1\" content=\"Est. reading time\" \/>\n\t<meta name=\"twitter:data1\" content=\"2 minutes\" \/>\n<script type=\"application\/ld+json\" class=\"yoast-schema-graph\">{\"@context\":\"https:\\\/\\\/schema.org\",\"@graph\":[{\"@type\":\"WebPage\",\"@id\":\"https:\\\/\\\/signaturebmx.com\\\/en\\\/tuote\\\/tsg-dawn-solid-color-black\\\/\",\"url\":\"https:\\\/\\\/signaturebmx.com\\\/en\\\/tuote\\\/tsg-dawn-solid-color-black\\\/\",\"name\":\"TSG Dawn Solid Color Black | Signature Bmx | Bmx-kauppa\",\"isPartOf\":{\"@id\":\"https:\\\/\\\/signaturebmx.com\\\/en\\\/#website\"},\"primaryImageOfPage\":{\"@id\":\"https:\\\/\\\/signaturebmx.com\\\/en\\\/tuote\\\/tsg-dawn-solid-color-black\\\/#primaryimage\"},\"image\":{\"@id\":\"https:\\\/\\\/signaturebmx.com\\\/en\\\/tuote\\\/tsg-dawn-solid-color-black\\\/#primaryimage\"},\"thumbnailUrl\":\"https:\\\/\\\/signaturebmx.com\\\/wp-content\\\/uploads\\\/2026\\\/01\\\/tsg_dawn_solid_blk.jpg\",\"datePublished\":\"2026-01-26T06:52:54+00:00\",\"dateModified\":\"2026-03-24T06:27:22+00:00\",\"description\":\"Laadukkaat bmx-py\u00f6r\u00e4t, osat ja tarvikkeet nopealla toimituksella suomalaisesta bmx-kaupasta.\",\"breadcrumb\":{\"@id\":\"https:\\\/\\\/signaturebmx.com\\\/en\\\/tuote\\\/tsg-dawn-solid-color-black\\\/#breadcrumb\"},\"inLanguage\":\"en-US\",\"potentialAction\":[{\"@type\":\"ReadAction\",\"target\":[\"https:\\\/\\\/signaturebmx.com\\\/en\\\/tuote\\\/tsg-dawn-solid-color-black\\\/\"]}]},{\"@type\":\"ImageObject\",\"inLanguage\":\"en-US\",\"@id\":\"https:\\\/\\\/signaturebmx.com\\\/en\\\/tuote\\\/tsg-dawn-solid-color-black\\\/#primaryimage\",\"url\":\"https:\\\/\\\/signaturebmx.com\\\/wp-content\\\/uploads\\\/2026\\\/01\\\/tsg_dawn_solid_blk.jpg\",\"contentUrl\":\"https:\\\/\\\/signaturebmx.com\\\/wp-content\\\/uploads\\\/2026\\\/01\\\/tsg_dawn_solid_blk.jpg\",\"width\":1000,\"height\":1000},{\"@type\":\"BreadcrumbList\",\"@id\":\"https:\\\/\\\/signaturebmx.com\\\/en\\\/tuote\\\/tsg-dawn-solid-color-black\\\/#breadcrumb\",\"itemListElement\":[{\"@type\":\"ListItem\",\"position\":1,\"name\":\"Etusivu\",\"item\":\"https:\\\/\\\/signaturebmx.com\\\/en\\\/\"},{\"@type\":\"ListItem\",\"position\":2,\"name\":\"Shop\",\"item\":\"https:\\\/\\\/signaturebmx.com\\\/en\\\/shop-2\\\/\"},{\"@type\":\"ListItem\",\"position\":3,\"name\":\"TSG Dawn Solid Color Black\"}]},{\"@type\":\"WebSite\",\"@id\":\"https:\\\/\\\/signaturebmx.com\\\/en\\\/#website\",\"url\":\"https:\\\/\\\/signaturebmx.com\\\/en\\\/\",\"name\":\"Signature Bmx\",\"description\":\"Bmx-kauppa\",\"publisher\":{\"@id\":\"https:\\\/\\\/signaturebmx.com\\\/en\\\/#organization\"},\"alternateName\":\"Signature Bmx\",\"potentialAction\":[{\"@type\":\"SearchAction\",\"target\":{\"@type\":\"EntryPoint\",\"urlTemplate\":\"https:\\\/\\\/signaturebmx.com\\\/en\\\/?s={search_term_string}\"},\"query-input\":{\"@type\":\"PropertyValueSpecification\",\"valueRequired\":true,\"valueName\":\"search_term_string\"}}],\"inLanguage\":\"en-US\"},{\"@type\":\"Organization\",\"@id\":\"https:\\\/\\\/signaturebmx.com\\\/en\\\/#organization\",\"name\":\"Signature Bmx\",\"alternateName\":\"Signature Bmx\",\"url\":\"https:\\\/\\\/signaturebmx.com\\\/en\\\/\",\"logo\":{\"@type\":\"ImageObject\",\"inLanguage\":\"en-US\",\"@id\":\"https:\\\/\\\/signaturebmx.com\\\/en\\\/#\\\/schema\\\/logo\\\/image\\\/\",\"url\":\"https:\\\/\\\/signaturebmx.com\\\/wp-content\\\/uploads\\\/2022\\\/02\\\/cropped-favicon_si.png\",\"contentUrl\":\"https:\\\/\\\/signaturebmx.com\\\/wp-content\\\/uploads\\\/2022\\\/02\\\/cropped-favicon_si.png\",\"width\":512,\"height\":512,\"caption\":\"Signature Bmx\"},\"image\":{\"@id\":\"https:\\\/\\\/signaturebmx.com\\\/en\\\/#\\\/schema\\\/logo\\\/image\\\/\"},\"sameAs\":[\"https:\\\/\\\/www.facebook.com\\\/SignatureBMX\",\"https:\\\/\\\/www.instagram.com\\\/signaturebmx\\\/\"]}]}<\/script>\n<!-- \/ Yoast SEO plugin. -->","yoast_head_json":{"title":"TSG Dawn Solid Color Black | Signature Bmx | Bmx-kauppa","description":"Laadukkaat bmx-py\u00f6r\u00e4t, osat ja tarvikkeet nopealla toimituksella suomalaisesta bmx-kaupasta.","robots":{"index":"index","follow":"follow","max-snippet":"max-snippet:-1","max-image-preview":"max-image-preview:large","max-video-preview":"max-video-preview:-1"},"canonical":"https:\/\/signaturebmx.com\/en\/tuote\/tsg-dawn-solid-color-black\/","og_locale":"en_US","og_type":"article","og_title":"TSG Dawn Solid Color Black | Signature Bmx | Bmx-kauppa","og_description":"Laadukkaat bmx-py\u00f6r\u00e4t, osat ja tarvikkeet nopealla toimituksella suomalaisesta bmx-kaupasta.","og_url":"https:\/\/signaturebmx.com\/en\/tuote\/tsg-dawn-solid-color-black\/","og_site_name":"Signature Bmx","article_publisher":"https:\/\/www.facebook.com\/SignatureBMX","article_modified_time":"2026-03-24T06:27:22+00:00","og_image":[{"width":1000,"height":1000,"url":"https:\/\/signaturebmx.com\/wp-content\/uploads\/2026\/01\/tsg_dawn_solid_blk.jpg","type":"image\/jpeg"}],"twitter_card":"summary_large_image","twitter_misc":{"Est. reading time":"2 minutes"},"schema":{"@context":"https:\/\/schema.org","@graph":[{"@type":"WebPage","@id":"https:\/\/signaturebmx.com\/en\/tuote\/tsg-dawn-solid-color-black\/","url":"https:\/\/signaturebmx.com\/en\/tuote\/tsg-dawn-solid-color-black\/","name":"TSG Dawn Solid Color Black | Signature Bmx | Bmx-kauppa","isPartOf":{"@id":"https:\/\/signaturebmx.com\/en\/#website"},"primaryImageOfPage":{"@id":"https:\/\/signaturebmx.com\/en\/tuote\/tsg-dawn-solid-color-black\/#primaryimage"},"image":{"@id":"https:\/\/signaturebmx.com\/en\/tuote\/tsg-dawn-solid-color-black\/#primaryimage"},"thumbnailUrl":"https:\/\/signaturebmx.com\/wp-content\/uploads\/2026\/01\/tsg_dawn_solid_blk.jpg","datePublished":"2026-01-26T06:52:54+00:00","dateModified":"2026-03-24T06:27:22+00:00","description":"Laadukkaat bmx-py\u00f6r\u00e4t, osat ja tarvikkeet nopealla toimituksella suomalaisesta bmx-kaupasta.","breadcrumb":{"@id":"https:\/\/signaturebmx.com\/en\/tuote\/tsg-dawn-solid-color-black\/#breadcrumb"},"inLanguage":"en-US","potentialAction":[{"@type":"ReadAction","target":["https:\/\/signaturebmx.com\/en\/tuote\/tsg-dawn-solid-color-black\/"]}]},{"@type":"ImageObject","inLanguage":"en-US","@id":"https:\/\/signaturebmx.com\/en\/tuote\/tsg-dawn-solid-color-black\/#primaryimage","url":"https:\/\/signaturebmx.com\/wp-content\/uploads\/2026\/01\/tsg_dawn_solid_blk.jpg","contentUrl":"https:\/\/signaturebmx.com\/wp-content\/uploads\/2026\/01\/tsg_dawn_solid_blk.jpg","width":1000,"height":1000},{"@type":"BreadcrumbList","@id":"https:\/\/signaturebmx.com\/en\/tuote\/tsg-dawn-solid-color-black\/#breadcrumb","itemListElement":[{"@type":"ListItem","position":1,"name":"Etusivu","item":"https:\/\/signaturebmx.com\/en\/"},{"@type":"ListItem","position":2,"name":"Shop","item":"https:\/\/signaturebmx.com\/en\/shop-2\/"},{"@type":"ListItem","position":3,"name":"TSG Dawn Solid Color Black"}]},{"@type":"WebSite","@id":"https:\/\/signaturebmx.com\/en\/#website","url":"https:\/\/signaturebmx.com\/en\/","name":"Signature Bmx","description":"Bmx-kauppa","publisher":{"@id":"https:\/\/signaturebmx.com\/en\/#organization"},"alternateName":"Signature Bmx","potentialAction":[{"@type":"SearchAction","target":{"@type":"EntryPoint","urlTemplate":"https:\/\/signaturebmx.com\/en\/?s={search_term_string}"},"query-input":{"@type":"PropertyValueSpecification","valueRequired":true,"valueName":"search_term_string"}}],"inLanguage":"en-US"},{"@type":"Organization","@id":"https:\/\/signaturebmx.com\/en\/#organization","name":"Signature Bmx","alternateName":"Signature Bmx","url":"https:\/\/signaturebmx.com\/en\/","logo":{"@type":"ImageObject","inLanguage":"en-US","@id":"https:\/\/signaturebmx.com\/en\/#\/schema\/logo\/image\/","url":"https:\/\/signaturebmx.com\/wp-content\/uploads\/2022\/02\/cropped-favicon_si.png","contentUrl":"https:\/\/signaturebmx.com\/wp-content\/uploads\/2022\/02\/cropped-favicon_si.png","width":512,"height":512,"caption":"Signature Bmx"},"image":{"@id":"https:\/\/signaturebmx.com\/en\/#\/schema\/logo\/image\/"},"sameAs":["https:\/\/www.facebook.com\/SignatureBMX","https:\/\/www.instagram.com\/signaturebmx\/"]}]}},"jetpack_sharing_enabled":true,"_links":{"self":[{"href":"https:\/\/signaturebmx.com\/en\/wp-json\/wp\/v2\/product\/7529","targetHints":{"allow":["GET"]}}],"collection":[{"href":"https:\/\/signaturebmx.com\/en\/wp-json\/wp\/v2\/product"}],"about":[{"href":"https:\/\/signaturebmx.com\/en\/wp-json\/wp\/v2\/types\/product"}],"wp:featuredmedia":[{"embeddable":true,"href":"https:\/\/signaturebmx.com\/en\/wp-json\/wp\/v2\/media\/7473"}],"wp:attachment":[{"href":"https:\/\/signaturebmx.com\/en\/wp-json\/wp\/v2\/media?parent=7529"}],"wp:term":[{"taxonomy":"product_brand","embeddable":true,"href":"https:\/\/signaturebmx.com\/en\/wp-json\/wp\/v2\/product_brand?post=7529"},{"taxonomy":"product_cat","embeddable":true,"href":"https:\/\/signaturebmx.com\/en\/wp-json\/wp\/v2\/product_cat?post=7529"},{"taxonomy":"product_tag","embeddable":true,"href":"https:\/\/signaturebmx.com\/en\/wp-json\/wp\/v2\/product_tag?post=7529"}],"curies":[{"name":"wp","href":"https:\/\/api.w.org\/{rel}","templated":true}]}}