{"id":1096,"date":"2022-01-23T15:23:41","date_gmt":"2022-01-23T13:23:41","guid":{"rendered":"https:\/\/signaturebmx.com\/?post_type=product&#038;p=1096"},"modified":"2022-02-12T21:19:18","modified_gmt":"2022-02-12T19:19:18","slug":"simple-cassettehub-axle","status":"publish","type":"product","link":"https:\/\/signaturebmx.com\/en\/tuote\/simple-cassettehub-axle\/","title":{"rendered":"Simple Cassettehub Axle"},"content":{"rendered":"<p>-akseli Simplen kasettinapaan<\/p>\n","protected":false},"excerpt":{"rendered":"<p>VARMISTA SOPIVUUS PY\u00d6R\u00c4\u00c4SI, ENNEN KUIN TILAAT!<\/p>\n","protected":false},"featured_media":645,"template":"","meta":[],"product_brand":[],"product_cat":[96],"product_tag":[58],"class_list":{"0":"post-1096","1":"product","2":"type-product","3":"status-publish","4":"has-post-thumbnail","6":"product_cat-napojen-osat","7":"product_tag-simple","9":"first","10":"instock","11":"taxable","12":"shipping-taxable","13":"purchasable","14":"product-type-simple"},"yoast_head":"<!-- This site is optimized with the Yoast SEO plugin v27.6 - https:\/\/yoast.com\/product\/yoast-seo-wordpress\/ -->\n<title>Simple Cassettehub Axle | Signature Bmx | Bmx-kauppa<\/title>\n<meta name=\"description\" content=\"Laadukkaat bmx-py\u00f6r\u00e4t, osat ja tarvikkeet nopealla toimituksella suomalaisesta bmx-kaupasta.\" \/>\n<meta name=\"robots\" content=\"index, follow, max-snippet:-1, max-image-preview:large, max-video-preview:-1\" \/>\n<link rel=\"canonical\" href=\"https:\/\/signaturebmx.com\/en\/tuote\/simple-cassettehub-axle\/\" \/>\n<meta property=\"og:locale\" content=\"en_US\" \/>\n<meta property=\"og:type\" content=\"article\" \/>\n<meta property=\"og:title\" content=\"Simple Cassettehub Axle | Signature Bmx | Bmx-kauppa\" \/>\n<meta property=\"og:description\" content=\"Laadukkaat bmx-py\u00f6r\u00e4t, osat ja tarvikkeet nopealla toimituksella suomalaisesta bmx-kaupasta.\" \/>\n<meta property=\"og:url\" content=\"https:\/\/signaturebmx.com\/en\/tuote\/simple-cassettehub-axle\/\" \/>\n<meta property=\"og:site_name\" content=\"Signature Bmx\" \/>\n<meta property=\"article:publisher\" content=\"https:\/\/www.facebook.com\/SignatureBMX\" \/>\n<meta property=\"article:modified_time\" content=\"2022-02-12T19:19:18+00:00\" \/>\n<meta property=\"og:image\" content=\"https:\/\/signaturebmx.com\/wp-content\/uploads\/2022\/01\/simple_cassette_akseli_1308_688.jpg\" \/>\n\t<meta property=\"og:image:width\" content=\"600\" \/>\n\t<meta property=\"og:image:height\" content=\"600\" \/>\n\t<meta property=\"og:image:type\" content=\"image\/jpeg\" \/>\n<meta name=\"twitter:card\" content=\"summary_large_image\" \/>\n<script type=\"application\/ld+json\" class=\"yoast-schema-graph\">{\"@context\":\"https:\\\/\\\/schema.org\",\"@graph\":[{\"@type\":\"WebPage\",\"@id\":\"https:\\\/\\\/signaturebmx.com\\\/en\\\/tuote\\\/simple-cassettehub-axle\\\/\",\"url\":\"https:\\\/\\\/signaturebmx.com\\\/en\\\/tuote\\\/simple-cassettehub-axle\\\/\",\"name\":\"Simple Cassettehub Axle | Signature Bmx | Bmx-kauppa\",\"isPartOf\":{\"@id\":\"https:\\\/\\\/signaturebmx.com\\\/en\\\/#website\"},\"primaryImageOfPage\":{\"@id\":\"https:\\\/\\\/signaturebmx.com\\\/en\\\/tuote\\\/simple-cassettehub-axle\\\/#primaryimage\"},\"image\":{\"@id\":\"https:\\\/\\\/signaturebmx.com\\\/en\\\/tuote\\\/simple-cassettehub-axle\\\/#primaryimage\"},\"thumbnailUrl\":\"https:\\\/\\\/signaturebmx.com\\\/wp-content\\\/uploads\\\/2022\\\/01\\\/simple_cassette_akseli_1308_688.jpg\",\"datePublished\":\"2022-01-23T13:23:41+00:00\",\"dateModified\":\"2022-02-12T19:19:18+00:00\",\"description\":\"Laadukkaat bmx-py\u00f6r\u00e4t, osat ja tarvikkeet nopealla toimituksella suomalaisesta bmx-kaupasta.\",\"breadcrumb\":{\"@id\":\"https:\\\/\\\/signaturebmx.com\\\/en\\\/tuote\\\/simple-cassettehub-axle\\\/#breadcrumb\"},\"inLanguage\":\"en-US\",\"potentialAction\":[{\"@type\":\"ReadAction\",\"target\":[\"https:\\\/\\\/signaturebmx.com\\\/en\\\/tuote\\\/simple-cassettehub-axle\\\/\"]}]},{\"@type\":\"ImageObject\",\"inLanguage\":\"en-US\",\"@id\":\"https:\\\/\\\/signaturebmx.com\\\/en\\\/tuote\\\/simple-cassettehub-axle\\\/#primaryimage\",\"url\":\"https:\\\/\\\/signaturebmx.com\\\/wp-content\\\/uploads\\\/2022\\\/01\\\/simple_cassette_akseli_1308_688.jpg\",\"contentUrl\":\"https:\\\/\\\/signaturebmx.com\\\/wp-content\\\/uploads\\\/2022\\\/01\\\/simple_cassette_akseli_1308_688.jpg\",\"width\":600,\"height\":600},{\"@type\":\"BreadcrumbList\",\"@id\":\"https:\\\/\\\/signaturebmx.com\\\/en\\\/tuote\\\/simple-cassettehub-axle\\\/#breadcrumb\",\"itemListElement\":[{\"@type\":\"ListItem\",\"position\":1,\"name\":\"Etusivu\",\"item\":\"https:\\\/\\\/signaturebmx.com\\\/en\\\/\"},{\"@type\":\"ListItem\",\"position\":2,\"name\":\"Shop\",\"item\":\"https:\\\/\\\/signaturebmx.com\\\/en\\\/shop-2\\\/\"},{\"@type\":\"ListItem\",\"position\":3,\"name\":\"Simple Cassettehub Axle\"}]},{\"@type\":\"WebSite\",\"@id\":\"https:\\\/\\\/signaturebmx.com\\\/en\\\/#website\",\"url\":\"https:\\\/\\\/signaturebmx.com\\\/en\\\/\",\"name\":\"Signature Bmx\",\"description\":\"Bmx-kauppa\",\"publisher\":{\"@id\":\"https:\\\/\\\/signaturebmx.com\\\/en\\\/#organization\"},\"alternateName\":\"Signature Bmx\",\"potentialAction\":[{\"@type\":\"SearchAction\",\"target\":{\"@type\":\"EntryPoint\",\"urlTemplate\":\"https:\\\/\\\/signaturebmx.com\\\/en\\\/?s={search_term_string}\"},\"query-input\":{\"@type\":\"PropertyValueSpecification\",\"valueRequired\":true,\"valueName\":\"search_term_string\"}}],\"inLanguage\":\"en-US\"},{\"@type\":\"Organization\",\"@id\":\"https:\\\/\\\/signaturebmx.com\\\/en\\\/#organization\",\"name\":\"Signature Bmx\",\"alternateName\":\"Signature Bmx\",\"url\":\"https:\\\/\\\/signaturebmx.com\\\/en\\\/\",\"logo\":{\"@type\":\"ImageObject\",\"inLanguage\":\"en-US\",\"@id\":\"https:\\\/\\\/signaturebmx.com\\\/en\\\/#\\\/schema\\\/logo\\\/image\\\/\",\"url\":\"https:\\\/\\\/signaturebmx.com\\\/wp-content\\\/uploads\\\/2022\\\/02\\\/cropped-favicon_si.png\",\"contentUrl\":\"https:\\\/\\\/signaturebmx.com\\\/wp-content\\\/uploads\\\/2022\\\/02\\\/cropped-favicon_si.png\",\"width\":512,\"height\":512,\"caption\":\"Signature Bmx\"},\"image\":{\"@id\":\"https:\\\/\\\/signaturebmx.com\\\/en\\\/#\\\/schema\\\/logo\\\/image\\\/\"},\"sameAs\":[\"https:\\\/\\\/www.facebook.com\\\/SignatureBMX\",\"https:\\\/\\\/www.instagram.com\\\/signaturebmx\\\/\"]}]}<\/script>\n<!-- \/ Yoast SEO plugin. -->","yoast_head_json":{"title":"Simple Cassettehub Axle | Signature Bmx | Bmx-kauppa","description":"Laadukkaat bmx-py\u00f6r\u00e4t, osat ja tarvikkeet nopealla toimituksella suomalaisesta bmx-kaupasta.","robots":{"index":"index","follow":"follow","max-snippet":"max-snippet:-1","max-image-preview":"max-image-preview:large","max-video-preview":"max-video-preview:-1"},"canonical":"https:\/\/signaturebmx.com\/en\/tuote\/simple-cassettehub-axle\/","og_locale":"en_US","og_type":"article","og_title":"Simple Cassettehub Axle | Signature Bmx | Bmx-kauppa","og_description":"Laadukkaat bmx-py\u00f6r\u00e4t, osat ja tarvikkeet nopealla toimituksella suomalaisesta bmx-kaupasta.","og_url":"https:\/\/signaturebmx.com\/en\/tuote\/simple-cassettehub-axle\/","og_site_name":"Signature Bmx","article_publisher":"https:\/\/www.facebook.com\/SignatureBMX","article_modified_time":"2022-02-12T19:19:18+00:00","og_image":[{"width":600,"height":600,"url":"https:\/\/signaturebmx.com\/wp-content\/uploads\/2022\/01\/simple_cassette_akseli_1308_688.jpg","type":"image\/jpeg"}],"twitter_card":"summary_large_image","schema":{"@context":"https:\/\/schema.org","@graph":[{"@type":"WebPage","@id":"https:\/\/signaturebmx.com\/en\/tuote\/simple-cassettehub-axle\/","url":"https:\/\/signaturebmx.com\/en\/tuote\/simple-cassettehub-axle\/","name":"Simple Cassettehub Axle | Signature Bmx | Bmx-kauppa","isPartOf":{"@id":"https:\/\/signaturebmx.com\/en\/#website"},"primaryImageOfPage":{"@id":"https:\/\/signaturebmx.com\/en\/tuote\/simple-cassettehub-axle\/#primaryimage"},"image":{"@id":"https:\/\/signaturebmx.com\/en\/tuote\/simple-cassettehub-axle\/#primaryimage"},"thumbnailUrl":"https:\/\/signaturebmx.com\/wp-content\/uploads\/2022\/01\/simple_cassette_akseli_1308_688.jpg","datePublished":"2022-01-23T13:23:41+00:00","dateModified":"2022-02-12T19:19:18+00:00","description":"Laadukkaat bmx-py\u00f6r\u00e4t, osat ja tarvikkeet nopealla toimituksella suomalaisesta bmx-kaupasta.","breadcrumb":{"@id":"https:\/\/signaturebmx.com\/en\/tuote\/simple-cassettehub-axle\/#breadcrumb"},"inLanguage":"en-US","potentialAction":[{"@type":"ReadAction","target":["https:\/\/signaturebmx.com\/en\/tuote\/simple-cassettehub-axle\/"]}]},{"@type":"ImageObject","inLanguage":"en-US","@id":"https:\/\/signaturebmx.com\/en\/tuote\/simple-cassettehub-axle\/#primaryimage","url":"https:\/\/signaturebmx.com\/wp-content\/uploads\/2022\/01\/simple_cassette_akseli_1308_688.jpg","contentUrl":"https:\/\/signaturebmx.com\/wp-content\/uploads\/2022\/01\/simple_cassette_akseli_1308_688.jpg","width":600,"height":600},{"@type":"BreadcrumbList","@id":"https:\/\/signaturebmx.com\/en\/tuote\/simple-cassettehub-axle\/#breadcrumb","itemListElement":[{"@type":"ListItem","position":1,"name":"Etusivu","item":"https:\/\/signaturebmx.com\/en\/"},{"@type":"ListItem","position":2,"name":"Shop","item":"https:\/\/signaturebmx.com\/en\/shop-2\/"},{"@type":"ListItem","position":3,"name":"Simple Cassettehub Axle"}]},{"@type":"WebSite","@id":"https:\/\/signaturebmx.com\/en\/#website","url":"https:\/\/signaturebmx.com\/en\/","name":"Signature Bmx","description":"Bmx-kauppa","publisher":{"@id":"https:\/\/signaturebmx.com\/en\/#organization"},"alternateName":"Signature Bmx","potentialAction":[{"@type":"SearchAction","target":{"@type":"EntryPoint","urlTemplate":"https:\/\/signaturebmx.com\/en\/?s={search_term_string}"},"query-input":{"@type":"PropertyValueSpecification","valueRequired":true,"valueName":"search_term_string"}}],"inLanguage":"en-US"},{"@type":"Organization","@id":"https:\/\/signaturebmx.com\/en\/#organization","name":"Signature Bmx","alternateName":"Signature Bmx","url":"https:\/\/signaturebmx.com\/en\/","logo":{"@type":"ImageObject","inLanguage":"en-US","@id":"https:\/\/signaturebmx.com\/en\/#\/schema\/logo\/image\/","url":"https:\/\/signaturebmx.com\/wp-content\/uploads\/2022\/02\/cropped-favicon_si.png","contentUrl":"https:\/\/signaturebmx.com\/wp-content\/uploads\/2022\/02\/cropped-favicon_si.png","width":512,"height":512,"caption":"Signature Bmx"},"image":{"@id":"https:\/\/signaturebmx.com\/en\/#\/schema\/logo\/image\/"},"sameAs":["https:\/\/www.facebook.com\/SignatureBMX","https:\/\/www.instagram.com\/signaturebmx\/"]}]}},"jetpack_sharing_enabled":true,"_links":{"self":[{"href":"https:\/\/signaturebmx.com\/en\/wp-json\/wp\/v2\/product\/1096","targetHints":{"allow":["GET"]}}],"collection":[{"href":"https:\/\/signaturebmx.com\/en\/wp-json\/wp\/v2\/product"}],"about":[{"href":"https:\/\/signaturebmx.com\/en\/wp-json\/wp\/v2\/types\/product"}],"wp:featuredmedia":[{"embeddable":true,"href":"https:\/\/signaturebmx.com\/en\/wp-json\/wp\/v2\/media\/645"}],"wp:attachment":[{"href":"https:\/\/signaturebmx.com\/en\/wp-json\/wp\/v2\/media?parent=1096"}],"wp:term":[{"taxonomy":"product_brand","embeddable":true,"href":"https:\/\/signaturebmx.com\/en\/wp-json\/wp\/v2\/product_brand?post=1096"},{"taxonomy":"product_cat","embeddable":true,"href":"https:\/\/signaturebmx.com\/en\/wp-json\/wp\/v2\/product_cat?post=1096"},{"taxonomy":"product_tag","embeddable":true,"href":"https:\/\/signaturebmx.com\/en\/wp-json\/wp\/v2\/product_tag?post=1096"}],"curies":[{"name":"wp","href":"https:\/\/api.w.org\/{rel}","templated":true}]}}