{"id":5928,"date":"2022-02-08T18:23:44","date_gmt":"2022-02-08T16:23:44","guid":{"rendered":"https:\/\/signaturebmx.com\/info\/"},"modified":"2026-01-07T14:57:42","modified_gmt":"2026-01-07T12:57:42","slug":"info","status":"publish","type":"page","link":"https:\/\/signaturebmx.com\/en\/info\/","title":{"rendered":"Info"},"content":{"rendered":"\n<div class=\"row\"  id=\"row-380123143\">\n\n\n\t<div id=\"col-56462534\" class=\"col medium-2 small-12 large-2\"  >\n\t\t\t\t<div class=\"col-inner\"  >\n\t\t\t\n\t\t\t\n\n\n\t\t<\/div>\n\t\t\t\t\t<\/div>\n\n\t\n\n\t<div id=\"col-789046305\" class=\"col medium-8 small-12 large-8\"  >\n\t\t\t\t<div class=\"col-inner\"  >\n\t\t\t\n\t\t\t\n\n<p class=\"uppercase\" style=\"text-align: center;\"><strong>INFO<\/strong><\/p>\n<div class=\"accordion\">\n\n\t<div id=\"accordion-879447854\" class=\"accordion-item\">\n\t\t<a id=\"accordion-879447854-label\" class=\"accordion-title plain\" href=\"#accordion-item-yritys\" aria-expanded=\"false\" aria-controls=\"accordion-879447854-content\">\n\t\t\t<button class=\"toggle\" aria-label=\"Toggle\"><i class=\"icon-angle-down\" aria-hidden=\"true\"><\/i><\/button>\n\t\t\t<span>Yritys<\/span>\n\t\t<\/a>\n\t\t<div id=\"accordion-879447854-content\" class=\"accordion-inner\" aria-labelledby=\"accordion-879447854-label\">\n\t\t\t\n\n<p>Signature Bmx on vuonna 2006 perustettu, bmx-py\u00f6r\u00e4ilyyn erikoistunut, suomalainen kauppa.<\/p>\n<p>Mik\u00e4li jotain ei ole varastossa, se useimmiten saadaan tilattua. Kannattaa siis kysy\u00e4.<\/p>\n\n\t\t<\/div>\n\t<\/div>\n\t\n\t<div id=\"accordion-3269083463\" class=\"accordion-item\">\n\t\t<a id=\"accordion-3269083463-label\" class=\"accordion-title plain\" href=\"#accordion-item-onko-tuote-varastossa?\" aria-expanded=\"false\" aria-controls=\"accordion-3269083463-content\">\n\t\t\t<button class=\"toggle\" aria-label=\"Toggle\"><i class=\"icon-angle-down\" aria-hidden=\"true\"><\/i><\/button>\n\t\t\t<span>Onko tuote varastossa?<\/span>\n\t\t<\/a>\n\t\t<div id=\"accordion-3269083463-content\" class=\"accordion-inner\" aria-labelledby=\"accordion-3269083463-label\">\n\t\t\t\n\n<p>On, mik\u00e4li nettisivulla niin lukee. Vaikka tietysti virheit\u00e4kin sattuu ja joskus (harvoin) saldo ei olekaan ajantasalla.<\/p>\n<p>Varastotuotteet postitetaan p\u00e4\u00e4s\u00e4\u00e4nt\u00f6isesti seuraavana arkip\u00e4iv\u00e4n\u00e4. Joissain tuotteissa toimitus hieman pidempi, n. 5-9 arkip\u00e4iv\u00e4\u00e4, mutta silloin asiasta on maininta tuotesivulla.<\/p>\n<p>\u00a0<\/p>\n\n\t\t<\/div>\n\t<\/div>\n\t\n\t<div id=\"accordion-3359987625\" class=\"accordion-item\">\n\t\t<a id=\"accordion-3359987625-label\" class=\"accordion-title plain\" href=\"#accordion-item-bmx-py\u00f6rien-koko\" aria-expanded=\"false\" aria-controls=\"accordion-3359987625-content\">\n\t\t\t<button class=\"toggle\" aria-label=\"Toggle\"><i class=\"icon-angle-down\" aria-hidden=\"true\"><\/i><\/button>\n\t\t\t<span>BMX-py\u00f6rien koko<\/span>\n\t\t<\/a>\n\t\t<div id=\"accordion-3359987625-content\" class=\"accordion-inner\" aria-labelledby=\"accordion-3359987625-label\">\n\t\t\t\n\n<p>Valmistajilta poimittuja (noin) suosituksia ajajan pituudeksi:<\/p>\n<p><strong>12&#8243;<\/strong>: 70cm-105cm<br \/><strong>14&#8243;<\/strong>: 85cm-120cm<br \/><strong>16&#8243;<\/strong>: 95cm-130cm<br \/><strong>18&#8243;<\/strong>: 125cm-150cm<br \/>Lasten malleissa pienempi on parempi temppuiluun ja isompi yleiseen ajeluun.<\/p>\n<p><strong>20&#8243;:<\/strong> Kuljettajan minimipituus on noin 140cm, jotta py\u00f6r\u00e4 on jollain tavalla ajettavissa. Toki ihan kiskalle ajelut onnistuu jo v\u00e4h\u00e4n lyhyemm\u00e4lt\u00e4kin, etenkin jos py\u00f6r\u00e4 on pienell\u00e4 rungolla ja ohjaustangolla.<\/p>\n<p>20&#8243; on niin sanottu normaali bmx t\u00e4ysikasvuisille (tai melkein). Runkokoko ihan oman mieltymyksen mukaan. Ajajan pituus ei ole suoraan verrannollinen rungon ym. kokoon. Pienetkin erot rungon, etuhaarukan ja ohjaustangon mitoissa ja geometriassa voi vaikuttaa py\u00f6r\u00e4n k\u00e4yt\u00f6kseen paljonkin. Aloittelija tuskin kuitenkaan huomaa juuri mit\u00e4\u00e4n jos py\u00f6r\u00e4 on jotakuinkin nykyaikainen ja laadukas.<br \/>Yleisimpi\u00e4 kokoja: runko 20.5&#8243;-21&#8243; (usein 12.8&#8243;-13.5&#8243; takahaarukalla), ohjaustangon korkeus 8.75&#8243;-9.5&#8243;.<\/p>\n<p><strong>22&#8243;, 24&#8243;, 26&#8243;, 29&#8243;:<\/strong> Osa tykk\u00e4\u00e4, osa ei. Sopii monesti hyvin yleiseen kruisailuun ja vaikka pumptrackille. Esim 22&#8243; tai 24&#8243; on hyv\u00e4 vaihtoehto my\u00f6s jos on tottunut vaikka maastopy\u00f6riin ja kokee pienen bmx:n liian kiikker\u00e4ksi.<\/p>\n\n\t\t<\/div>\n\t<\/div>\n\t\n\t<div id=\"accordion-2091179606\" class=\"accordion-item\">\n\t\t<a id=\"accordion-2091179606-label\" class=\"accordion-title plain\" href=\"#accordion-item-bmx-py\u00f6r\u00e4n-kokoaminen\" aria-expanded=\"false\" aria-controls=\"accordion-2091179606-content\">\n\t\t\t<button class=\"toggle\" aria-label=\"Toggle\"><i class=\"icon-angle-down\" aria-hidden=\"true\"><\/i><\/button>\n\t\t\t<span>Bmx-py\u00f6r\u00e4n kokoaminen<\/span>\n\t\t<\/a>\n\t\t<div id=\"accordion-2091179606-content\" class=\"accordion-inner\" aria-labelledby=\"accordion-2091179606-label\">\n\t\t\t\n\n<p>Halutessasi voit noutaa py\u00f6r\u00e4n myym\u00e4l\u00e4st\u00e4mme ajovalmiina. Mainitse siit\u00e4 kuitenkin tilauksen kommenttikent\u00e4ss\u00e4. Saat s\u00e4hk\u00f6postiin tai puhelimeen ilmoituksen kun py\u00f6r\u00e4 on noudettavissa.<\/p>\n<p>Postilla toimitettavat bmx-py\u00f6r\u00e4t toimitamme osittain koottuna, laatikossa. Ostajalle kiinnitett\u00e4v\u00e4ksi j\u00e4\u00e4 eturengas, ohjaustanko, satula, polkimet ja mallista riippuen, jarrut.<br \/>Katso kokoamisohjeita: <strong><a href=\"https:\/\/youtu.be\/GO0olSVt9O0\" target=\"_blank\" rel=\"noopener\">Videolinkki<\/a><\/strong><br \/>Mik\u00e4li on ep\u00e4varmuutta kokoamisen kanssa, suosittelemme k\u00e4\u00e4ntym\u00e4\u00e4n paikallisen py\u00f6r\u00e4huollon puoleen.<\/p>\n<p>Emme vastaa asennusvirheiden takia aiheutuneista vaurioista.<\/p>\n\n\t\t<\/div>\n\t<\/div>\n\t\n\t<div id=\"accordion-3608326794\" class=\"accordion-item\">\n\t\t<a id=\"accordion-3608326794-label\" class=\"accordion-title plain\" href=\"#accordion-item-huolto\" aria-expanded=\"false\" aria-controls=\"accordion-3608326794-content\">\n\t\t\t<button class=\"toggle\" aria-label=\"Toggle\"><i class=\"icon-angle-down\" aria-hidden=\"true\"><\/i><\/button>\n\t\t\t<span>Huolto<\/span>\n\t\t<\/a>\n\t\t<div id=\"accordion-3608326794-content\" class=\"accordion-inner\" aria-labelledby=\"accordion-3608326794-label\">\n\t\t\t\n\n<p>Bmx-py\u00f6ri\u00e4 pit\u00e4\u00e4 my\u00f6s huoltaa, kuten mit\u00e4 tahansa polkupy\u00f6r\u00e4\u00e4. Ensimm\u00e4isten ajokertojen j\u00e4lkeen on yleens\u00e4 kiristett\u00e4v\u00e4 pinnat ja k\u00e4yt\u00e4v\u00e4 l\u00e4pi, ettei mik\u00e4\u00e4n pultti ole p\u00e4\u00e4ssyt l\u00f6ystym\u00e4\u00e4n. Vaikka py\u00f6r\u00e4t on tehty huomattavasti kest\u00e4v\u00e4mmiksi kuin tavallinen retkipy\u00f6r\u00e4, ne my\u00f6s joutuvat kovemmalle rasitukselle. Esimerkiksi poikittainen alastulo helpostikin v\u00e4\u00e4nt\u00e4\u00e4 vanteen vinoon.<\/p>\n<p>Meillekin voi tuoda py\u00f6r\u00e4n huoltoon. Myynti\/nouto toimii py\u00f6r\u00e4huollon yhteydess\u00e4 <a href=\"https:\/\/pyorakioski.fi\/\" target=\"_blank\" rel=\"noopener\">(pyorakioski.fi)<\/a>.<\/p>\n\n\t\t<\/div>\n\t<\/div>\n\t\n\t<div id=\"accordion-333036229\" class=\"accordion-item\">\n\t\t<a id=\"accordion-333036229-label\" class=\"accordion-title plain\" href=\"#accordion-item-takuu\" aria-expanded=\"false\" aria-controls=\"accordion-333036229-content\">\n\t\t\t<button class=\"toggle\" aria-label=\"Toggle\"><i class=\"icon-angle-down\" aria-hidden=\"true\"><\/i><\/button>\n\t\t\t<span>Takuu<\/span>\n\t\t<\/a>\n\t\t<div id=\"accordion-333036229-content\" class=\"accordion-inner\" aria-labelledby=\"accordion-333036229-label\">\n\t\t\t\n\n<p>Valmistajien my\u00f6nt\u00e4m\u00e4t takuut vaihtelevat merkeitt\u00e4in ja tuotteista riippuen. Poikkeuksetta kaikki kattavat vain valmistus- ja materiaalivirheet, eik\u00e4 asennusvirheist\u00e4 tai laiminly\u00f6nneist\u00e4 johtuvia vaurioita. Useimmilla merkeill\u00e4 takuu ei koske muovi- tai kumiosia.<\/p>\n<p>K\u00e4sittelemme kaikkien myymiemme tuotteiden takuuasiat, mutta lopullisen p\u00e4\u00e4t\u00f6ksen tekee valmistaja.<\/p>\n\n\t\t<\/div>\n\t<\/div>\n\t\n\t<div id=\"accordion-148557934\" class=\"accordion-item\">\n\t\t<a id=\"accordion-148557934-label\" class=\"accordion-title plain\" href=\"#accordion-item-vaihto-ja-palautus\" aria-expanded=\"false\" aria-controls=\"accordion-148557934-content\">\n\t\t\t<button class=\"toggle\" aria-label=\"Toggle\"><i class=\"icon-angle-down\" aria-hidden=\"true\"><\/i><\/button>\n\t\t\t<span>Vaihto ja palautus<\/span>\n\t\t<\/a>\n\t\t<div id=\"accordion-148557934-content\" class=\"accordion-inner\" aria-labelledby=\"accordion-148557934-label\">\n\t\t\t\n\n<p>Tilaamillasi tuotteilla on 14 vrk:n vaihto- ja palautusoikeus.<\/p>\n<p>Palautettavien tuotteiden tulee olla k\u00e4ytt\u00e4m\u00e4tt\u00f6mi\u00e4 ja alkuper\u00e4ispakkauksessaan. Vaihdoissa ja palautuksissa liit\u00e4 l\u00e4hetyksen mukaan selvitys asiakaspalautuksesta.<\/p>\n<p>Voit j\u00e4tt\u00e4\u00e4 palautettavien tuotteiden paketin postiin asiakaspalautuksena ilman postimaksua.\u2028 Alennustuotteilla ja erikoistilauksena rakennetuilla py\u00f6rill\u00e4 ja vanteilla ei ole palautusoikeutta.<\/p>\n<p>Palautettavasta summasta v\u00e4hennet\u00e4\u00e4n Postin asiakaspalautuskulut 12\u20ac.<\/p>\n<p><strong>N\u00e4in palautat<\/strong>:\u2028<br \/>-Pakkaa tuote\u2028<br \/>-Laita mukaan vapaamuotoinen selvitys mit\u00e4 palautetaan tai vaihdetaan, kuitti tai tilauksen numero ja IBAN-tilinumero rahojen palautusta varten.<br \/>-Vie paketti Postin toimipisteeseen.\u2028<strong><br \/><\/strong>-Pyyd\u00e4 postista palautuskuitti\/seurantakoodi ja S\u00c4ILYT\u00c4 SE! Kadonnutta pakettia ei korvata ilman kyseist\u00e4 kuittia.<\/p>\n<p><strong>Yhteystiedot palautusta varten<\/strong>:<br \/>Postin sopimustunnus: <strong>673694<\/strong><br \/>Signature Bmx\u2028<br \/>Maakotkantie 12<br \/>\u202801450 Vantaa<\/p>\n\n\t\t<\/div>\n\t<\/div>\n\t\n\n<\/div>\n\n\t\t<\/div>\n\t\t\t\t\t<\/div>\n\n\t\n\n\t<div id=\"col-392687923\" class=\"col medium-2 small-12 large-2\"  >\n\t\t\t\t<div class=\"col-inner\"  >\n\t\t\t\n\t\t\t\n\n\n\t\t<\/div>\n\t\t\t\t\t<\/div>\n\n\t\n\n<\/div>\n\n","protected":false},"excerpt":{"rendered":"","protected":false},"author":1,"featured_media":0,"parent":0,"menu_order":0,"comment_status":"closed","ping_status":"closed","template":"","meta":{"footnotes":""},"class_list":["post-5928","page","type-page","status-publish","hentry"],"yoast_head":"<!-- This site is optimized with the Yoast SEO plugin v27.4 - https:\/\/yoast.com\/product\/yoast-seo-wordpress\/ -->\n<title>Info | Signature Bmx | Bmx-kauppa<\/title>\n<meta name=\"description\" content=\"Laadukkaat py\u00f6r\u00e4t, osat, tarvikkeet ja huolto nopealla toimituksella. Kokemusta bmx-py\u00f6r\u00e4ilyst\u00e4 jo usealta vuosikymmenelt\u00e4.\" \/>\n<meta name=\"robots\" content=\"index, follow, max-snippet:-1, max-image-preview:large, max-video-preview:-1\" \/>\n<link rel=\"canonical\" href=\"https:\/\/signaturebmx.com\/en\/info\/\" \/>\n<meta property=\"og:locale\" content=\"en_US\" \/>\n<meta property=\"og:type\" content=\"article\" \/>\n<meta property=\"og:title\" content=\"Info | Signature Bmx | Bmx-kauppa\" \/>\n<meta property=\"og:description\" content=\"Laadukkaat py\u00f6r\u00e4t, osat, tarvikkeet ja huolto nopealla toimituksella. Kokemusta bmx-py\u00f6r\u00e4ilyst\u00e4 jo usealta vuosikymmenelt\u00e4.\" \/>\n<meta property=\"og:url\" content=\"https:\/\/signaturebmx.com\/en\/info\/\" \/>\n<meta property=\"og:site_name\" content=\"Signature Bmx\" \/>\n<meta property=\"article:publisher\" content=\"https:\/\/www.facebook.com\/SignatureBMX\" \/>\n<meta property=\"article:modified_time\" content=\"2026-01-07T12:57:42+00:00\" \/>\n<meta property=\"og:image\" content=\"https:\/\/signaturebmx.com\/wp-content\/uploads\/2024\/01\/signaturebmx_1200x675.jpg\" \/>\n\t<meta property=\"og:image:width\" content=\"1200\" \/>\n\t<meta property=\"og:image:height\" content=\"675\" \/>\n\t<meta property=\"og:image:type\" content=\"image\/jpeg\" \/>\n<meta name=\"twitter:card\" content=\"summary_large_image\" \/>\n<meta name=\"twitter:label1\" content=\"Est. reading time\" \/>\n\t<meta name=\"twitter:data1\" content=\"4 minutes\" \/>\n<script type=\"application\/ld+json\" class=\"yoast-schema-graph\">{\"@context\":\"https:\\\/\\\/schema.org\",\"@graph\":[{\"@type\":\"WebPage\",\"@id\":\"https:\\\/\\\/signaturebmx.com\\\/en\\\/info\\\/\",\"url\":\"https:\\\/\\\/signaturebmx.com\\\/en\\\/info\\\/\",\"name\":\"Info | Signature Bmx | Bmx-kauppa\",\"isPartOf\":{\"@id\":\"https:\\\/\\\/signaturebmx.com\\\/en\\\/#website\"},\"datePublished\":\"2022-02-08T16:23:44+00:00\",\"dateModified\":\"2026-01-07T12:57:42+00:00\",\"description\":\"Laadukkaat py\u00f6r\u00e4t, osat, tarvikkeet ja huolto nopealla toimituksella. Kokemusta bmx-py\u00f6r\u00e4ilyst\u00e4 jo usealta vuosikymmenelt\u00e4.\",\"breadcrumb\":{\"@id\":\"https:\\\/\\\/signaturebmx.com\\\/en\\\/info\\\/#breadcrumb\"},\"inLanguage\":\"en-US\",\"potentialAction\":[{\"@type\":\"ReadAction\",\"target\":[\"https:\\\/\\\/signaturebmx.com\\\/en\\\/info\\\/\"]}]},{\"@type\":\"BreadcrumbList\",\"@id\":\"https:\\\/\\\/signaturebmx.com\\\/en\\\/info\\\/#breadcrumb\",\"itemListElement\":[{\"@type\":\"ListItem\",\"position\":1,\"name\":\"Etusivu\",\"item\":\"https:\\\/\\\/signaturebmx.com\\\/en\\\/\"},{\"@type\":\"ListItem\",\"position\":2,\"name\":\"Info\"}]},{\"@type\":\"WebSite\",\"@id\":\"https:\\\/\\\/signaturebmx.com\\\/en\\\/#website\",\"url\":\"https:\\\/\\\/signaturebmx.com\\\/en\\\/\",\"name\":\"Signature Bmx\",\"description\":\"Bmx-kauppa\",\"publisher\":{\"@id\":\"https:\\\/\\\/signaturebmx.com\\\/en\\\/#organization\"},\"alternateName\":\"Signature Bmx\",\"potentialAction\":[{\"@type\":\"SearchAction\",\"target\":{\"@type\":\"EntryPoint\",\"urlTemplate\":\"https:\\\/\\\/signaturebmx.com\\\/en\\\/?s={search_term_string}\"},\"query-input\":{\"@type\":\"PropertyValueSpecification\",\"valueRequired\":true,\"valueName\":\"search_term_string\"}}],\"inLanguage\":\"en-US\"},{\"@type\":\"Organization\",\"@id\":\"https:\\\/\\\/signaturebmx.com\\\/en\\\/#organization\",\"name\":\"Signature Bmx\",\"alternateName\":\"Signature Bmx\",\"url\":\"https:\\\/\\\/signaturebmx.com\\\/en\\\/\",\"logo\":{\"@type\":\"ImageObject\",\"inLanguage\":\"en-US\",\"@id\":\"https:\\\/\\\/signaturebmx.com\\\/en\\\/#\\\/schema\\\/logo\\\/image\\\/\",\"url\":\"https:\\\/\\\/signaturebmx.com\\\/wp-content\\\/uploads\\\/2022\\\/02\\\/cropped-favicon_si.png\",\"contentUrl\":\"https:\\\/\\\/signaturebmx.com\\\/wp-content\\\/uploads\\\/2022\\\/02\\\/cropped-favicon_si.png\",\"width\":512,\"height\":512,\"caption\":\"Signature Bmx\"},\"image\":{\"@id\":\"https:\\\/\\\/signaturebmx.com\\\/en\\\/#\\\/schema\\\/logo\\\/image\\\/\"},\"sameAs\":[\"https:\\\/\\\/www.facebook.com\\\/SignatureBMX\",\"https:\\\/\\\/www.instagram.com\\\/signaturebmx\\\/\"]}]}<\/script>\n<!-- \/ Yoast SEO plugin. -->","yoast_head_json":{"title":"Info | Signature Bmx | Bmx-kauppa","description":"Laadukkaat py\u00f6r\u00e4t, osat, tarvikkeet ja huolto nopealla toimituksella. Kokemusta bmx-py\u00f6r\u00e4ilyst\u00e4 jo usealta vuosikymmenelt\u00e4.","robots":{"index":"index","follow":"follow","max-snippet":"max-snippet:-1","max-image-preview":"max-image-preview:large","max-video-preview":"max-video-preview:-1"},"canonical":"https:\/\/signaturebmx.com\/en\/info\/","og_locale":"en_US","og_type":"article","og_title":"Info | Signature Bmx | Bmx-kauppa","og_description":"Laadukkaat py\u00f6r\u00e4t, osat, tarvikkeet ja huolto nopealla toimituksella. Kokemusta bmx-py\u00f6r\u00e4ilyst\u00e4 jo usealta vuosikymmenelt\u00e4.","og_url":"https:\/\/signaturebmx.com\/en\/info\/","og_site_name":"Signature Bmx","article_publisher":"https:\/\/www.facebook.com\/SignatureBMX","article_modified_time":"2026-01-07T12:57:42+00:00","og_image":[{"width":1200,"height":675,"url":"https:\/\/signaturebmx.com\/wp-content\/uploads\/2024\/01\/signaturebmx_1200x675.jpg","type":"image\/jpeg"}],"twitter_card":"summary_large_image","twitter_misc":{"Est. reading time":"4 minutes"},"schema":{"@context":"https:\/\/schema.org","@graph":[{"@type":"WebPage","@id":"https:\/\/signaturebmx.com\/en\/info\/","url":"https:\/\/signaturebmx.com\/en\/info\/","name":"Info | Signature Bmx | Bmx-kauppa","isPartOf":{"@id":"https:\/\/signaturebmx.com\/en\/#website"},"datePublished":"2022-02-08T16:23:44+00:00","dateModified":"2026-01-07T12:57:42+00:00","description":"Laadukkaat py\u00f6r\u00e4t, osat, tarvikkeet ja huolto nopealla toimituksella. Kokemusta bmx-py\u00f6r\u00e4ilyst\u00e4 jo usealta vuosikymmenelt\u00e4.","breadcrumb":{"@id":"https:\/\/signaturebmx.com\/en\/info\/#breadcrumb"},"inLanguage":"en-US","potentialAction":[{"@type":"ReadAction","target":["https:\/\/signaturebmx.com\/en\/info\/"]}]},{"@type":"BreadcrumbList","@id":"https:\/\/signaturebmx.com\/en\/info\/#breadcrumb","itemListElement":[{"@type":"ListItem","position":1,"name":"Etusivu","item":"https:\/\/signaturebmx.com\/en\/"},{"@type":"ListItem","position":2,"name":"Info"}]},{"@type":"WebSite","@id":"https:\/\/signaturebmx.com\/en\/#website","url":"https:\/\/signaturebmx.com\/en\/","name":"Signature Bmx","description":"Bmx-kauppa","publisher":{"@id":"https:\/\/signaturebmx.com\/en\/#organization"},"alternateName":"Signature Bmx","potentialAction":[{"@type":"SearchAction","target":{"@type":"EntryPoint","urlTemplate":"https:\/\/signaturebmx.com\/en\/?s={search_term_string}"},"query-input":{"@type":"PropertyValueSpecification","valueRequired":true,"valueName":"search_term_string"}}],"inLanguage":"en-US"},{"@type":"Organization","@id":"https:\/\/signaturebmx.com\/en\/#organization","name":"Signature Bmx","alternateName":"Signature Bmx","url":"https:\/\/signaturebmx.com\/en\/","logo":{"@type":"ImageObject","inLanguage":"en-US","@id":"https:\/\/signaturebmx.com\/en\/#\/schema\/logo\/image\/","url":"https:\/\/signaturebmx.com\/wp-content\/uploads\/2022\/02\/cropped-favicon_si.png","contentUrl":"https:\/\/signaturebmx.com\/wp-content\/uploads\/2022\/02\/cropped-favicon_si.png","width":512,"height":512,"caption":"Signature Bmx"},"image":{"@id":"https:\/\/signaturebmx.com\/en\/#\/schema\/logo\/image\/"},"sameAs":["https:\/\/www.facebook.com\/SignatureBMX","https:\/\/www.instagram.com\/signaturebmx\/"]}]}},"jetpack_sharing_enabled":true,"_links":{"self":[{"href":"https:\/\/signaturebmx.com\/en\/wp-json\/wp\/v2\/pages\/5928","targetHints":{"allow":["GET"]}}],"collection":[{"href":"https:\/\/signaturebmx.com\/en\/wp-json\/wp\/v2\/pages"}],"about":[{"href":"https:\/\/signaturebmx.com\/en\/wp-json\/wp\/v2\/types\/page"}],"author":[{"embeddable":true,"href":"https:\/\/signaturebmx.com\/en\/wp-json\/wp\/v2\/users\/1"}],"replies":[{"embeddable":true,"href":"https:\/\/signaturebmx.com\/en\/wp-json\/wp\/v2\/comments?post=5928"}],"version-history":[{"count":25,"href":"https:\/\/signaturebmx.com\/en\/wp-json\/wp\/v2\/pages\/5928\/revisions"}],"predecessor-version":[{"id":7435,"href":"https:\/\/signaturebmx.com\/en\/wp-json\/wp\/v2\/pages\/5928\/revisions\/7435"}],"wp:attachment":[{"href":"https:\/\/signaturebmx.com\/en\/wp-json\/wp\/v2\/media?parent=5928"}],"curies":[{"name":"wp","href":"https:\/\/api.w.org\/{rel}","templated":true}]}}